{"id":4,"date":"2017-12-17T16:50:49","date_gmt":"2017-12-17T16:50:49","guid":{"rendered":"http:\/\/apartmani-miletic.net\/?page_id=4"},"modified":"2018-03-30T19:50:40","modified_gmt":"2018-03-30T19:50:40","slug":"home","status":"publish","type":"page","link":"http:\/\/www.apartmani-miletic.net\/","title":{"rendered":"Home"},"content":{"rendered":"<p>[et_pb_section fb_built=&#8220;1&#8243; fullwidth=&#8220;on&#8220; _builder_version=&#8220;3.0.47&#8243; custom_padding=&#8220;0px|0px|0px|0px&#8220;][et_pb_fullwidth_header title=&#8220;Apartmani Miletic&#8220; subhead=&#8220;Besuchen Sie uns in Kroatien&#8220; background_layout=&#8220;dark&#8220; text_orientation=&#8220;center&#8220; header_fullscreen=&#8220;on&#8220; _builder_version=&#8220;3.0.100&#8243; title_font=&#8220;Raleway|700|||||||&#8220; title_text_align=&#8220;center&#8220; title_font_size=&#8220;72px&#8220; title_text_color=&#8220;#ffffff&#8220; title_text_shadow_style=&#8220;preset2&#8243; content_font=&#8220;Raleway|500|||||||&#8220; content_text_align=&#8220;center&#8220; content_font_size=&#8220;57px&#8220; content_text_color=&#8220;#ffffff&#8220; content_text_shadow_style=&#8220;preset5&#8243; subhead_font=&#8220;|700|||||||&#8220; subhead_text_align=&#8220;center&#8220; subhead_font_size=&#8220;36px&#8220; subhead_text_color=&#8220;#ffffff&#8220; subhead_text_shadow_style=&#8220;preset1&#8243; background_image=&#8220;http:\/\/apartmani-miletic.net\/wp-content\/uploads\/2018\/02\/cover03.jpg&#8220; animation_style=&#8220;fade&#8220; text_shadow_style=&#8220;preset2&#8243; text_shadow_color=&#8220;rgba(0,0,0,0.74)&#8220;][\/et_pb_fullwidth_header][\/et_pb_section][et_pb_section fb_built=&#8220;1&#8243; _builder_version=&#8220;3.0.47&#8243; custom_padding=&#8220;0px|0px|0px|0px&#8220;][et_pb_row _builder_version=&#8220;3.0.47&#8243; background_size=&#8220;initial&#8220; background_position=&#8220;top_left&#8220; background_repeat=&#8220;repeat&#8220;][et_pb_column type=&#8220;4_4&#8243; _builder_version=&#8220;3.0.47&#8243; parallax=&#8220;off&#8220; parallax_method=&#8220;on&#8220;][et_pb_text _builder_version=&#8220;3.0.100&#8243;]<\/p>\n<h1><strong>Wir bieten 4 Ferienwohnungen f\u00fcr 2+2 Personen mit Balkon <\/strong><\/h1>\n<p>[\/et_pb_text][\/et_pb_column][\/et_pb_row][\/et_pb_section][et_pb_section fb_built=&#8220;1&#8243; _builder_version=&#8220;3.0.47&#8243; custom_padding=&#8220;0px|0px|0px|0px&#8220;][et_pb_row custom_padding=&#8220;27px|0px|42px|0px&#8220; _builder_version=&#8220;3.0.47&#8243; background_size=&#8220;initial&#8220; background_position=&#8220;top_left&#8220; background_repeat=&#8220;repeat&#8220;][et_pb_column type=&#8220;1_2&#8243; _builder_version=&#8220;3.0.47&#8243; parallax=&#8220;off&#8220; parallax_method=&#8220;on&#8220;][et_pb_text _builder_version=&#8220;3.0.100&#8243;]<\/p>\n<h2><strong>4 Apartents auf 2 Etagen <\/strong><\/h2>\n<p>Klimatisierte Wohnfl\u00e4che von ca. 40 m\u00b2 . Sie verf\u00fcgen \u00fcber ein Schlafzimmer, einem helles Wohnzimmer mit\u00a0 Ausziehcouch f\u00fcr die \u00dcbernachtungsm\u00f6glichkeit von 2 weiteren Personen. Das Wohnzimmer ist ausgestattet mit einem Fernseher (Sat-Anschluss) und einer Sitzgruppe. Die Einbauk\u00fcche ist vollst\u00e4ndig ausgestattet.<br \/>\n[\/et_pb_text][\/et_pb_column][et_pb_column type=&#8220;1_2&#8243; _builder_version=&#8220;3.0.47&#8243; parallax=&#8220;off&#8220; parallax_method=&#8220;on&#8220;][\/et_pb_column][\/et_pb_row][\/et_pb_section][et_pb_section fb_built=&#8220;1&#8243; _builder_version=&#8220;3.0.47&#8243; custom_padding=&#8220;0px|0px|54px|0px&#8220;][et_pb_row _builder_version=&#8220;3.0.47&#8243; background_size=&#8220;initial&#8220; background_position=&#8220;top_left&#8220; background_repeat=&#8220;repeat&#8220;][et_pb_column type=&#8220;4_4&#8243; _builder_version=&#8220;3.0.47&#8243; parallax=&#8220;off&#8220; parallax_method=&#8220;on&#8220;][et_pb_gallery gallery_ids=&#8220;286,279,283,284,281,285,276,328,329,330,331,332,333,334,335,336,337,338,339,340,341,342,343,344,345&#8243; fullwidth=&#8220;on&#8220; hover_icon=&#8220;%%180%%&#8220; _builder_version=&#8220;3.0.100&#8243; pagination_font_size_tablet=&#8220;51&#8243; pagination_line_height_tablet=&#8220;2&#8243; gallery_captions=&#8220;,,,,,,,,,,,,,,,,,,,,,,,,&#8220;][\/et_pb_gallery][\/et_pb_column][\/et_pb_row][\/et_pb_section][et_pb_section fb_built=&#8220;1&#8243; _builder_version=&#8220;3.0.47&#8243; custom_padding=&#8220;0px|0px|54px|0px&#8220;][et_pb_row _builder_version=&#8220;3.0.47&#8243; background_size=&#8220;initial&#8220; background_position=&#8220;top_left&#8220; background_repeat=&#8220;repeat&#8220;][et_pb_column type=&#8220;1_2&#8243; _builder_version=&#8220;3.0.47&#8243; parallax=&#8220;off&#8220; parallax_method=&#8220;on&#8220;][et_pb_text _builder_version=&#8220;3.0.100&#8243;]<\/p>\n<div id=\"summary\">\n<h3><strong>Umgebung<\/strong><\/h3>\n<p>Die Unterkunft ist 8 Gehminuten vom Strand entfernt. Die klimatisierten Apartments Miletic befinden sich in Vodice und bieten kostenfreies WLAN. Der ACI-Yachthafen Vodice liegt 1 km von der Unterkunft entfernt. Ihr Fahrzeug stellen Sie auf den kostenfreien Privatparkpl\u00e4tzen an der Unterkunft ab. Die Unterkunft verf\u00fcgt \u00fcber einen Sitz- und Essbereich. Alle Unterk\u00fcnfte\u00a0 haben einen Balkon.\u00a0 Jede Unterkunft ist mit einem eigenen Bad und einer Dusche ausgestattet. Handt\u00fccher und Bettw\u00e4sche werden gestellt. An den Apartments Miletic erwarten Sie auch Grillm\u00f6glichkeiten. Die Umgebung ist ideal zum Schnorcheln und Windsurfen geeignet. Der Club Hacienda Vodice liegt 900 m von den Apartments Miletic entfernt. Zum Flughafen Split oder Zadar gelangen Sie nach 70 km.<\/p>\n<\/div>\n<p>Laut unabh\u00e4ngiger G\u00e4stebewertungen ist das der beliebteste Teil von Vodice.<br \/>\n[\/et_pb_text][et_pb_text _builder_version=&#8220;3.0.100&#8243;]<\/p>\n<div data-section-id=\"29\">\n<h5><strong>Sonstiges im Ort <\/strong><\/h5>\n<ul>\n<li>Klimaanlage (zus\u00e4tzliche Geb\u00fchren)<\/li>\n<\/ul>\n<\/div>\n<div data-section-id=\"13\"><\/div>\n<div data-section-id=\"21\">\n<h5><strong>Wellness-Einrichtungen<\/strong><\/h5>\n<ul>\n<li>Ganzk\u00f6rpermassage<\/li>\n<li>Massage (zus\u00e4tzliche Geb\u00fchren)<\/li>\n<\/ul>\n<\/div>\n<div data-section-id=\"2\">\n<h5><strong>Aktivit\u00e4ten<\/strong><\/h5>\n<ul>\n<li>Wassersportm\u00f6glichkeiten vor Ort<\/li>\n<li>Schnorcheln<\/li>\n<li>Tauchen<\/li>\n<li>Radfahren<\/li>\n<li>Wandern<\/li>\n<li>Windsurfen (zus\u00e4tzliche Geb\u00fchren)<\/li>\n<li>Angeln (zus\u00e4tzliche Geb\u00fchren)<\/li>\n<\/ul>\n<\/div>\n<div data-section-id=\"16\">\n<h5><strong>Parkm\u00f6glichkeiten<\/strong><\/h5>\n<ul>\n<li>Gesicherte Parkpl\u00e4tze<\/li>\n<\/ul>\n<\/div>\n<div data-section-id=\"22\">\n<h5><strong>Nahverkehrsangebot<\/strong><\/h5>\n<ul>\n<li>Transfer zum Flughafen (zus\u00e4tzliche Geb\u00fchren)<\/li>\n<li>Transfer vom Flughafen (zus\u00e4tzliche Geb\u00fchren)<\/li>\n<li>Flughafentransfer (zus\u00e4tzliche Geb\u00fchren)<\/li>\n<\/ul>\n<\/div>\n<div>\n<h5><strong>Gesprochene Sprachen<\/strong><\/h5>\n<div>\n<ul>\n<li>Kroatisch<\/li>\n<li>Deutsch<\/li>\n<li>Englisch<\/li>\n<\/ul>\n<\/div>\n<\/div>\n<p>[\/et_pb_text][\/et_pb_column][et_pb_column type=&#8220;1_2&#8243; _builder_version=&#8220;3.0.47&#8243; parallax=&#8220;off&#8220; parallax_method=&#8220;on&#8220;][et_pb_image src=&#8220;http:\/\/apartmani-miletic.net\/wp-content\/uploads\/2018\/01\/66679041.jpg&#8220; _builder_version=&#8220;3.0.92&#8243;][\/et_pb_image][et_pb_image src=&#8220;http:\/\/apartmani-miletic.net\/wp-content\/uploads\/2018\/01\/66683986.jpg&#8220; _builder_version=&#8220;3.0.92&#8243;][\/et_pb_image][et_pb_image src=&#8220;http:\/\/apartmani-miletic.net\/wp-content\/uploads\/2018\/01\/5478523.jpg&#8220; _builder_version=&#8220;3.0.92&#8243;][\/et_pb_image][\/et_pb_column][\/et_pb_row][\/et_pb_section][et_pb_section fb_built=&#8220;1&#8243; _builder_version=&#8220;3.0.47&#8243; custom_padding=&#8220;0px|0px|54px|0px&#8220;][et_pb_row _builder_version=&#8220;3.0.47&#8243; background_size=&#8220;initial&#8220; background_position=&#8220;top_left&#8220; background_repeat=&#8220;repeat&#8220;][et_pb_column type=&#8220;1_2&#8243; _builder_version=&#8220;3.0.47&#8243; parallax=&#8220;off&#8220; parallax_method=&#8220;on&#8220;][et_pb_contact_form email=&#8220; ivan.miletic@t-online.de&#8220; title=&#8220;Kontaktformular&#8220; success_message=&#8220;Herzlichen Dank f\u00fcr Ihre Email. Wir setzen uns schnellstm\u00f6glich mit Ihnen in Verbindung&#8220; module_id=&#8220;et_pb_contact_form_1&#8243; _builder_version=&#8220;3.0.92&#8243; title_level=&#8220;h2&#8243;][et_pb_contact_field field_id=&#8220;Name:01&#8243; field_title=&#8220;Name&#8220; min_length=&#8220;8&#8243; max_length=&#8220;100&#8243; fullwidth_field=&#8220;on&#8220; _builder_version=&#8220;3.0.92&#8243; box_shadow_style=&#8220;preset6&#8243;][\/et_pb_contact_field][et_pb_contact_field field_id=&#8220;eMail:02&#8243; field_title=&#8220;E-Mail-Adresse&#8220; field_type=&#8220;email&#8220; fullwidth_field=&#8220;on&#8220; _builder_version=&#8220;3.0.92&#8243; box_shadow_style=&#8220;preset6&#8243;][\/et_pb_contact_field][et_pb_contact_field field_id=&#8220;Nachricht:03&#8243; field_title=&#8220;Nachricht&#8220; field_type=&#8220;text&#8220; fullwidth_field=&#8220;on&#8220; _builder_version=&#8220;3.0.92&#8243; form_field_text_color=&#8220;#000000&#8243; box_shadow_style=&#8220;preset6&#8243;][\/et_pb_contact_field][\/et_pb_contact_form][et_pb_text _builder_version=&#8220;3.0.92&#8243;]<strong>Ivan Miletic<\/strong> Bahnhofstr. 4 58332 Schwelm Mobil:<strong> +49 177 687 80 73<\/strong> <strong>E-mail: ivan.miletic@t-online.de<\/strong> Image: <a href=\"https:\/\/de.123rf.com\/profile_hunterbliss\">hunterbliss \/ 123RF Standard-Bild<\/a><br \/>\n[\/et_pb_text][\/et_pb_column][et_pb_column type=&#8220;1_2&#8243; _builder_version=&#8220;3.0.47&#8243; parallax=&#8220;off&#8220; parallax_method=&#8220;on&#8220;][et_pb_map address=&#8220;Ul. Stablinac IV 39, 22211, Vodice, Kroatien&#8220; address_lat=&#8220;43.760101553555536&#8243; address_lng=&#8220;15.792071339286856&#8243; _builder_version=&#8220;3.0.100&#8243;][et_pb_map_pin title=&#8220;Vodice&#8220; pin_address=&#8220;Ul. Stablinac IV 39, 22211, Vodice, Kroatien&#8220; pin_address_lat=&#8220;43.7601248&#8243; pin_address_lng=&#8220;15.791926500000045&#8243; _builder_version=&#8220;3.0.92&#8243;] <strong><em>Stablinac \u00a0IV \/ 39 22211 Vodice<\/em><\/strong> [\/et_pb_map_pin][\/et_pb_map][\/et_pb_column][\/et_pb_row][\/et_pb_section]<\/p>\n","protected":false},"excerpt":{"rendered":"<p>[et_pb_section fb_built=&#8220;1&#8243; fullwidth=&#8220;on&#8220; _builder_version=&#8220;3.0.47&#8243; custom_padding=&#8220;0px|0px|0px|0px&#8220;][et_pb_fullwidth_header title=&#8220;Apartmani Miletic&#8220; subhead=&#8220;Besuchen Sie uns in Kroatien&#8220; background_layout=&#8220;dark&#8220; text_orientation=&#8220;center&#8220; header_fullscreen=&#8220;on&#8220; _builder_version=&#8220;3.0.100&#8243; title_font=&#8220;Raleway|700|||||||&#8220; title_text_align=&#8220;center&#8220; title_font_size=&#8220;72px&#8220; title_text_color=&#8220;#ffffff&#8220; title_text_shadow_style=&#8220;preset2&#8243; content_font=&#8220;Raleway|500|||||||&#8220; content_text_align=&#8220;center&#8220; content_font_size=&#8220;57px&#8220; content_text_color=&#8220;#ffffff&#8220; content_text_shadow_style=&#8220;preset5&#8243; subhead_font=&#8220;|700|||||||&#8220; subhead_text_align=&#8220;center&#8220; subhead_font_size=&#8220;36px&#8220; subhead_text_color=&#8220;#ffffff&#8220; subhead_text_shadow_style=&#8220;preset1&#8243; background_image=&#8220;http:\/\/apartmani-miletic.net\/wp-content\/uploads\/2018\/02\/cover03.jpg&#8220; animation_style=&#8220;fade&#8220; text_shadow_style=&#8220;preset2&#8243; text_shadow_color=&#8220;rgba(0,0,0,0.74)&#8220;][\/et_pb_fullwidth_header][\/et_pb_section][et_pb_section fb_built=&#8220;1&#8243; _builder_version=&#8220;3.0.47&#8243; custom_padding=&#8220;0px|0px|0px|0px&#8220;][et_pb_row _builder_version=&#8220;3.0.47&#8243; background_size=&#8220;initial&#8220; background_position=&#8220;top_left&#8220; background_repeat=&#8220;repeat&#8220;][et_pb_column type=&#8220;4_4&#8243; _builder_version=&#8220;3.0.47&#8243; parallax=&#8220;off&#8220; parallax_method=&#8220;on&#8220;][et_pb_text _builder_version=&#8220;3.0.100&#8243;] Wir bieten 4 Ferienwohnungen f\u00fcr 2+2 Personen mit [&hellip;]<\/p>\n","protected":false},"author":1,"featured_media":0,"parent":0,"menu_order":0,"comment_status":"closed","ping_status":"closed","template":"","meta":{"_et_pb_use_builder":"on","_et_pb_old_content":"<h1><strong>Wir bieten 4 Ferienwohnungen f\u00fcr 2+2 Personen mit Terrasse.<\/strong><\/h1><p>Wohnfl\u00e4che ca. 23 m\u00b2<\/p><p>Klimatisiere 1 Schlafzimmer (je mit Doppelbett) mit Dusche (Bettw\u00e4sche\/Handt\u00fccher vorhanden)<\/p><p>Helles Wohnzimmer mit Fernseher (Sat-Anschlu\u00df) Sitzgruppe<br \/> mit Ausziehcouch und\u00a0 \u00dcbernachtungsm\u00f6glichkeit f\u00fcr 2 weitere Personen.<\/p><p>Einbau-K\u00fcche vollst\u00e4ndig ausgestattet Herd, K\u00fchlschrank, Sp\u00fcle, Geschirr,\u00a0 APPARTMENT 2+2 Eigene Terasse F\u00fcr 4-5 Personen geeignet Besteht...<\/p><p><strong>\u00a0Tel.Nr.: <\/strong><strong>+49 177 6878073<\/strong><\/p><p>\u00a0<\/p><p>\u00a0<\/p><p>\u00a0<br \/> <!-- belegungsplan 2 --><\/p>","footnotes":""},"_links":{"self":[{"href":"http:\/\/www.apartmani-miletic.net\/index.php?rest_route=\/wp\/v2\/pages\/4"}],"collection":[{"href":"http:\/\/www.apartmani-miletic.net\/index.php?rest_route=\/wp\/v2\/pages"}],"about":[{"href":"http:\/\/www.apartmani-miletic.net\/index.php?rest_route=\/wp\/v2\/types\/page"}],"author":[{"embeddable":true,"href":"http:\/\/www.apartmani-miletic.net\/index.php?rest_route=\/wp\/v2\/users\/1"}],"replies":[{"embeddable":true,"href":"http:\/\/www.apartmani-miletic.net\/index.php?rest_route=%2Fwp%2Fv2%2Fcomments&post=4"}],"version-history":[{"count":93,"href":"http:\/\/www.apartmani-miletic.net\/index.php?rest_route=\/wp\/v2\/pages\/4\/revisions"}],"predecessor-version":[{"id":346,"href":"http:\/\/www.apartmani-miletic.net\/index.php?rest_route=\/wp\/v2\/pages\/4\/revisions\/346"}],"wp:attachment":[{"href":"http:\/\/www.apartmani-miletic.net\/index.php?rest_route=%2Fwp%2Fv2%2Fmedia&parent=4"}],"curies":[{"name":"wp","href":"https:\/\/api.w.org\/{rel}","templated":true}]}}